{"id":33243,"date":"2023-06-27T17:38:00","date_gmt":"2023-06-27T15:38:00","guid":{"rendered":"https:\/\/www.airmailcocktail.com\/?post_type=product&#038;p=33243"},"modified":"2024-11-20T09:54:00","modified_gmt":"2024-11-20T08:54:00","slug":"stereoparc-festival","status":"publish","type":"product","link":"https:\/\/www.airmailcocktail.com\/en\/produit\/stereoparc-festival\/","title":{"rendered":"STEREOPARC FESTIVAL"},"content":{"rendered":"<p>[et_pb_section fb_built=&#8221;1&#8243; _builder_version=&#8221;4.16&#8243; custom_padding=&#8221;0px||||false|false&#8221; da_disable_devices=&#8221;off|off|off&#8221; global_colors_info=&#8221;{}&#8221; da_is_popup=&#8221;off&#8221; da_exit_intent=&#8221;off&#8221; da_has_close=&#8221;on&#8221; da_alt_close=&#8221;off&#8221; da_dark_close=&#8221;off&#8221; da_not_modal=&#8221;on&#8221; da_is_singular=&#8221;off&#8221; da_with_loader=&#8221;off&#8221; da_has_shadow=&#8221;on&#8221;][et_pb_row _builder_version=&#8221;4.16&#8243; background_size=&#8221;initial&#8221; background_position=&#8221;top_left&#8221; background_repeat=&#8221;repeat&#8221; width=&#8221;100%&#8221; custom_padding=&#8221;0px||0px||false|false&#8221; global_colors_info=&#8221;{}&#8221;][et_pb_column type=&#8221;4_4&#8243; _builder_version=&#8221;4.16&#8243; custom_padding=&#8221;|||&#8221; global_colors_info=&#8221;{}&#8221; custom_padding__hover=&#8221;|||&#8221;][et_pb_wc_breadcrumb _builder_version=&#8221;4.16&#8243; global_colors_info=&#8221;{}&#8221;][\/et_pb_wc_breadcrumb][et_pb_wc_cart_notice _builder_version=&#8221;4.16&#8243; global_colors_info=&#8221;{}&#8221;][\/et_pb_wc_cart_notice][\/et_pb_column][\/et_pb_row][et_pb_row column_structure=&#8221;1_2,1_2&#8243; _builder_version=&#8221;4.16&#8243; background_size=&#8221;initial&#8221; background_position=&#8221;top_left&#8221; background_repeat=&#8221;repeat&#8221; width=&#8221;100%&#8221; custom_padding=&#8221;0px||||false|false&#8221; global_colors_info=&#8221;{}&#8221;][et_pb_column type=&#8221;1_2&#8243; _builder_version=&#8221;4.16&#8243; custom_padding=&#8221;|||&#8221; global_colors_info=&#8221;{}&#8221; custom_padding__hover=&#8221;|||&#8221;][et_pb_wc_images _builder_version=&#8221;4.16&#8243; global_colors_info=&#8221;{}&#8221;][\/et_pb_wc_images][\/et_pb_column][et_pb_column type=&#8221;1_2&#8243; _builder_version=&#8221;4.16&#8243; custom_padding=&#8221;|||&#8221; global_colors_info=&#8221;{}&#8221; custom_padding__hover=&#8221;|||&#8221;][et_pb_wc_title _builder_version=&#8221;4.16&#8243; global_colors_info=&#8221;{}&#8221;][\/et_pb_wc_title][et_pb_wc_rating _builder_version=&#8221;4.16&#8243; global_colors_info=&#8221;{}&#8221;][\/et_pb_wc_rating][et_pb_wc_price _builder_version=&#8221;4.16&#8243; global_colors_info=&#8221;{}&#8221;][\/et_pb_wc_price][et_pb_wc_description _builder_version=&#8221;4.16&#8243; global_colors_info=&#8221;{}&#8221;][\/et_pb_wc_description][et_pb_wc_add_to_cart show_stock=&#8221;off&#8221; _builder_version=&#8221;4.16&#8243; fields_font_size=&#8221;15px&#8221; custom_button=&#8221;on&#8221; button_text_size=&#8221;15px&#8221; global_colors_info=&#8221;{}&#8221;][\/et_pb_wc_add_to_cart][et_pb_wc_meta _builder_version=&#8221;4.16&#8243; global_colors_info=&#8221;{}&#8221;][\/et_pb_wc_meta][\/et_pb_column][\/et_pb_row][et_pb_row _builder_version=&#8221;4.16&#8243; background_size=&#8221;initial&#8221; background_position=&#8221;top_left&#8221; background_repeat=&#8221;repeat&#8221; width=&#8221;100%&#8221; global_colors_info=&#8221;{}&#8221;][et_pb_column type=&#8221;4_4&#8243; _builder_version=&#8221;4.16&#8243; custom_padding=&#8221;|||&#8221; global_colors_info=&#8221;{}&#8221; custom_padding__hover=&#8221;|||&#8221;][et_pb_wc_tabs _builder_version=&#8221;4.16&#8243; global_colors_info=&#8221;{}&#8221;]\t\t\t\t\t[\/et_pb_wc_tabs][et_pb_wc_upsells _builder_version=&#8221;4.16&#8243; global_colors_info=&#8221;{}&#8221;][\/et_pb_wc_upsells][\/et_pb_column][\/et_pb_row][\/et_pb_section]<\/p>\n","protected":false},"excerpt":{"rendered":"<p><strong>12.8% vol.<\/strong><strong>A cocktail with flavors as fresh as they are explosive on the palate, immersing you in the electric energy that beats at the heart of the Corderie Royale!<\/strong><strong>Vodka<\/strong><strong>Infusion lippia<\/strong><strong>Passion cordial<\/strong><strong>Verjus<\/strong><strong>Size: 540ml<\/strong><strong>Notes : Herbaceous, fruity, tangy.<\/strong><strong>Created by Germain.<\/strong><\/p>\n","protected":false},"featured_media":33766,"template":"","meta":{"_acf_changed":false,"_et_pb_use_builder":"on","_et_pb_old_content":"<strong>Ingr\u00e9dients :<\/strong>\r\nInfusion lippia\r\nVodka\r\nCordial de passion\r\nVerjus\r\n\r\n<strong>Rituel de service :<\/strong>\r\nPour une saveur optimale, placez votre bouteille au frais avant d\u00e9gustation.\r\nServir sur glace dans un joli verre.\r\nFabriqu\u00e9 avec des ingr\u00e9dients naturels, un l\u00e9ger d\u00e9p\u00f4t est signe de qualit\u00e9. Agitez simplement avant de servir.\r\n\r\n<strong>Taux d'alcool :<\/strong> 12,8% vol.\r\n\r\nPeut contenir des produits allerg\u00e8nes.","_et_gb_content_width":""},"product_brand":[],"product_cat":[68],"product_tag":[],"class_list":{"0":"post-33243","1":"product","2":"type-product","3":"status-publish","4":"has-post-thumbnail","6":"product_cat-collabs","8":"first","9":"outofstock","10":"taxable","11":"shipping-taxable","12":"purchasable","13":"product-type-simple"},"acf":[],"yoast_head":"<!-- This site is optimized with the Yoast SEO plugin v26.9 - https:\/\/yoast.com\/product\/yoast-seo-wordpress\/ -->\n<title>STEREOPARC FESTIVAL - AIRMAIL COCKTAIL<\/title>\n<meta name=\"description\" content=\"STEREOPARC FESTIVAL de AIRMAIL COCKTAIL is a ready-to-drink vodka cocktail created to reflect the DNA of the eponymous festival.\" \/>\n<meta name=\"robots\" content=\"index, follow, max-snippet:-1, max-image-preview:large, max-video-preview:-1\" \/>\n<link rel=\"canonical\" href=\"https:\/\/www.airmailcocktail.com\/en\/produit\/stereoparc-festival\/\" \/>\n<meta property=\"og:locale\" content=\"en_US\" \/>\n<meta property=\"og:type\" content=\"article\" \/>\n<meta property=\"og:title\" content=\"STEREOPARC FESTIVAL - AIRMAIL COCKTAIL\" \/>\n<meta property=\"og:description\" content=\"STEREOPARC FESTIVAL de AIRMAIL COCKTAIL is a ready-to-drink vodka cocktail created to reflect the DNA of the eponymous festival.\" \/>\n<meta property=\"og:url\" content=\"https:\/\/www.airmailcocktail.com\/en\/produit\/stereoparc-festival\/\" \/>\n<meta property=\"og:site_name\" content=\"AIRMAIL COCKTAIL\" \/>\n<meta property=\"article:publisher\" content=\"https:\/\/www.facebook.com\/konoisseur\/\" \/>\n<meta property=\"article:modified_time\" content=\"2024-11-20T08:54:00+00:00\" \/>\n<meta property=\"og:image\" content=\"https:\/\/www.airmailcocktail.com\/wp-content\/uploads\/2023\/06\/airmail-cocktail-packshot-stereoparc-festival-2024.png\" \/>\n\t<meta property=\"og:image:width\" content=\"725\" \/>\n\t<meta property=\"og:image:height\" content=\"725\" \/>\n\t<meta property=\"og:image:type\" content=\"image\/png\" \/>\n<meta name=\"twitter:card\" content=\"summary_large_image\" \/>\n<meta name=\"twitter:label1\" content=\"Est. reading time\" \/>\n\t<meta name=\"twitter:data1\" content=\"2 minutes\" \/>\n<script type=\"application\/ld+json\" class=\"yoast-schema-graph\">{\"@context\":\"https:\/\/schema.org\",\"@graph\":[{\"@type\":\"WebPage\",\"@id\":\"https:\/\/www.airmailcocktail.com\/en\/produit\/stereoparc-festival\/\",\"url\":\"https:\/\/www.airmailcocktail.com\/en\/produit\/stereoparc-festival\/\",\"name\":\"STEREOPARC FESTIVAL - AIRMAIL COCKTAIL\",\"isPartOf\":{\"@id\":\"https:\/\/www.airmailcocktail.com\/en\/#website\"},\"primaryImageOfPage\":{\"@id\":\"https:\/\/www.airmailcocktail.com\/en\/produit\/stereoparc-festival\/#primaryimage\"},\"image\":{\"@id\":\"https:\/\/www.airmailcocktail.com\/en\/produit\/stereoparc-festival\/#primaryimage\"},\"thumbnailUrl\":\"https:\/\/www.airmailcocktail.com\/wp-content\/uploads\/2023\/06\/airmail-cocktail-packshot-stereoparc-festival-2024.png\",\"datePublished\":\"2023-06-27T15:38:00+00:00\",\"dateModified\":\"2024-11-20T08:54:00+00:00\",\"description\":\"STEREOPARC FESTIVAL de AIRMAIL COCKTAIL is a ready-to-drink vodka cocktail created to reflect the DNA of the eponymous festival.\",\"breadcrumb\":{\"@id\":\"https:\/\/www.airmailcocktail.com\/en\/produit\/stereoparc-festival\/#breadcrumb\"},\"inLanguage\":\"en-US\",\"potentialAction\":[{\"@type\":\"ReadAction\",\"target\":[\"https:\/\/www.airmailcocktail.com\/en\/produit\/stereoparc-festival\/\"]}]},{\"@type\":\"ImageObject\",\"inLanguage\":\"en-US\",\"@id\":\"https:\/\/www.airmailcocktail.com\/en\/produit\/stereoparc-festival\/#primaryimage\",\"url\":\"https:\/\/www.airmailcocktail.com\/wp-content\/uploads\/2023\/06\/airmail-cocktail-packshot-stereoparc-festival-2024.png\",\"contentUrl\":\"https:\/\/www.airmailcocktail.com\/wp-content\/uploads\/2023\/06\/airmail-cocktail-packshot-stereoparc-festival-2024.png\",\"width\":725,\"height\":725,\"caption\":\"airmail cocktail stereoparc festival\"},{\"@type\":\"BreadcrumbList\",\"@id\":\"https:\/\/www.airmailcocktail.com\/en\/produit\/stereoparc-festival\/#breadcrumb\",\"itemListElement\":[{\"@type\":\"ListItem\",\"position\":1,\"name\":\"Accueil\",\"item\":\"https:\/\/www.airmailcocktail.com\/en\/\"},{\"@type\":\"ListItem\",\"position\":2,\"name\":\"SHOP\",\"item\":\"https:\/\/www.airmailcocktail.com\/en\/airmail-cocktail-shop-cocktail\/\"},{\"@type\":\"ListItem\",\"position\":3,\"name\":\"STEREOPARC FESTIVAL\"}]},{\"@type\":\"WebSite\",\"@id\":\"https:\/\/www.airmailcocktail.com\/en\/#website\",\"url\":\"https:\/\/www.airmailcocktail.com\/en\/\",\"name\":\"AIRMAIL COCKTAIL\",\"description\":\"COCKTAIL PR\u00caT \u00c0 BOIRE\",\"publisher\":{\"@id\":\"https:\/\/www.airmailcocktail.com\/en\/#organization\"},\"potentialAction\":[{\"@type\":\"SearchAction\",\"target\":{\"@type\":\"EntryPoint\",\"urlTemplate\":\"https:\/\/www.airmailcocktail.com\/en\/?s={search_term_string}\"},\"query-input\":{\"@type\":\"PropertyValueSpecification\",\"valueRequired\":true,\"valueName\":\"search_term_string\"}}],\"inLanguage\":\"en-US\"},{\"@type\":\"Organization\",\"@id\":\"https:\/\/www.airmailcocktail.com\/en\/#organization\",\"name\":\"AIRMAIL COCKTAIL\",\"url\":\"https:\/\/www.airmailcocktail.com\/en\/\",\"logo\":{\"@type\":\"ImageObject\",\"inLanguage\":\"en-US\",\"@id\":\"https:\/\/www.airmailcocktail.com\/en\/#\/schema\/logo\/image\/\",\"url\":\"\",\"contentUrl\":\"\",\"caption\":\"AIRMAIL COCKTAIL\"},\"image\":{\"@id\":\"https:\/\/www.airmailcocktail.com\/en\/#\/schema\/logo\/image\/\"},\"sameAs\":[\"https:\/\/www.facebook.com\/konoisseur\/\",\"https:\/\/www.instagram.com\/airmailcocktail\/\"]}]}<\/script>\n<!-- \/ Yoast SEO plugin. -->","yoast_head_json":{"title":"STEREOPARC FESTIVAL - AIRMAIL COCKTAIL","description":"STEREOPARC FESTIVAL de AIRMAIL COCKTAIL is a ready-to-drink vodka cocktail created to reflect the DNA of the eponymous festival.","robots":{"index":"index","follow":"follow","max-snippet":"max-snippet:-1","max-image-preview":"max-image-preview:large","max-video-preview":"max-video-preview:-1"},"canonical":"https:\/\/www.airmailcocktail.com\/en\/produit\/stereoparc-festival\/","og_locale":"en_US","og_type":"article","og_title":"STEREOPARC FESTIVAL - AIRMAIL COCKTAIL","og_description":"STEREOPARC FESTIVAL de AIRMAIL COCKTAIL is a ready-to-drink vodka cocktail created to reflect the DNA of the eponymous festival.","og_url":"https:\/\/www.airmailcocktail.com\/en\/produit\/stereoparc-festival\/","og_site_name":"AIRMAIL COCKTAIL","article_publisher":"https:\/\/www.facebook.com\/konoisseur\/","article_modified_time":"2024-11-20T08:54:00+00:00","og_image":[{"width":725,"height":725,"url":"https:\/\/www.airmailcocktail.com\/wp-content\/uploads\/2023\/06\/airmail-cocktail-packshot-stereoparc-festival-2024.png","type":"image\/png"}],"twitter_card":"summary_large_image","twitter_misc":{"Est. reading time":"2 minutes"},"schema":{"@context":"https:\/\/schema.org","@graph":[{"@type":"WebPage","@id":"https:\/\/www.airmailcocktail.com\/en\/produit\/stereoparc-festival\/","url":"https:\/\/www.airmailcocktail.com\/en\/produit\/stereoparc-festival\/","name":"STEREOPARC FESTIVAL - AIRMAIL COCKTAIL","isPartOf":{"@id":"https:\/\/www.airmailcocktail.com\/en\/#website"},"primaryImageOfPage":{"@id":"https:\/\/www.airmailcocktail.com\/en\/produit\/stereoparc-festival\/#primaryimage"},"image":{"@id":"https:\/\/www.airmailcocktail.com\/en\/produit\/stereoparc-festival\/#primaryimage"},"thumbnailUrl":"https:\/\/www.airmailcocktail.com\/wp-content\/uploads\/2023\/06\/airmail-cocktail-packshot-stereoparc-festival-2024.png","datePublished":"2023-06-27T15:38:00+00:00","dateModified":"2024-11-20T08:54:00+00:00","description":"STEREOPARC FESTIVAL de AIRMAIL COCKTAIL is a ready-to-drink vodka cocktail created to reflect the DNA of the eponymous festival.","breadcrumb":{"@id":"https:\/\/www.airmailcocktail.com\/en\/produit\/stereoparc-festival\/#breadcrumb"},"inLanguage":"en-US","potentialAction":[{"@type":"ReadAction","target":["https:\/\/www.airmailcocktail.com\/en\/produit\/stereoparc-festival\/"]}]},{"@type":"ImageObject","inLanguage":"en-US","@id":"https:\/\/www.airmailcocktail.com\/en\/produit\/stereoparc-festival\/#primaryimage","url":"https:\/\/www.airmailcocktail.com\/wp-content\/uploads\/2023\/06\/airmail-cocktail-packshot-stereoparc-festival-2024.png","contentUrl":"https:\/\/www.airmailcocktail.com\/wp-content\/uploads\/2023\/06\/airmail-cocktail-packshot-stereoparc-festival-2024.png","width":725,"height":725,"caption":"airmail cocktail stereoparc festival"},{"@type":"BreadcrumbList","@id":"https:\/\/www.airmailcocktail.com\/en\/produit\/stereoparc-festival\/#breadcrumb","itemListElement":[{"@type":"ListItem","position":1,"name":"Accueil","item":"https:\/\/www.airmailcocktail.com\/en\/"},{"@type":"ListItem","position":2,"name":"SHOP","item":"https:\/\/www.airmailcocktail.com\/en\/airmail-cocktail-shop-cocktail\/"},{"@type":"ListItem","position":3,"name":"STEREOPARC FESTIVAL"}]},{"@type":"WebSite","@id":"https:\/\/www.airmailcocktail.com\/en\/#website","url":"https:\/\/www.airmailcocktail.com\/en\/","name":"AIRMAIL COCKTAIL","description":"COCKTAIL PR\u00caT \u00c0 BOIRE","publisher":{"@id":"https:\/\/www.airmailcocktail.com\/en\/#organization"},"potentialAction":[{"@type":"SearchAction","target":{"@type":"EntryPoint","urlTemplate":"https:\/\/www.airmailcocktail.com\/en\/?s={search_term_string}"},"query-input":{"@type":"PropertyValueSpecification","valueRequired":true,"valueName":"search_term_string"}}],"inLanguage":"en-US"},{"@type":"Organization","@id":"https:\/\/www.airmailcocktail.com\/en\/#organization","name":"AIRMAIL COCKTAIL","url":"https:\/\/www.airmailcocktail.com\/en\/","logo":{"@type":"ImageObject","inLanguage":"en-US","@id":"https:\/\/www.airmailcocktail.com\/en\/#\/schema\/logo\/image\/","url":"","contentUrl":"","caption":"AIRMAIL COCKTAIL"},"image":{"@id":"https:\/\/www.airmailcocktail.com\/en\/#\/schema\/logo\/image\/"},"sameAs":["https:\/\/www.facebook.com\/konoisseur\/","https:\/\/www.instagram.com\/airmailcocktail\/"]}]}},"jetpack_sharing_enabled":true,"_links":{"self":[{"href":"https:\/\/www.airmailcocktail.com\/en\/wp-json\/wp\/v2\/product\/33243","targetHints":{"allow":["GET"]}}],"collection":[{"href":"https:\/\/www.airmailcocktail.com\/en\/wp-json\/wp\/v2\/product"}],"about":[{"href":"https:\/\/www.airmailcocktail.com\/en\/wp-json\/wp\/v2\/types\/product"}],"wp:featuredmedia":[{"embeddable":true,"href":"https:\/\/www.airmailcocktail.com\/en\/wp-json\/wp\/v2\/media\/33766"}],"wp:attachment":[{"href":"https:\/\/www.airmailcocktail.com\/en\/wp-json\/wp\/v2\/media?parent=33243"}],"wp:term":[{"taxonomy":"product_brand","embeddable":true,"href":"https:\/\/www.airmailcocktail.com\/en\/wp-json\/wp\/v2\/product_brand?post=33243"},{"taxonomy":"product_cat","embeddable":true,"href":"https:\/\/www.airmailcocktail.com\/en\/wp-json\/wp\/v2\/product_cat?post=33243"},{"taxonomy":"product_tag","embeddable":true,"href":"https:\/\/www.airmailcocktail.com\/en\/wp-json\/wp\/v2\/product_tag?post=33243"}],"curies":[{"name":"wp","href":"https:\/\/api.w.org\/{rel}","templated":true}]}}