{"id":32539,"date":"2020-11-12T15:57:32","date_gmt":"2020-11-12T14:57:32","guid":{"rendered":"https:\/\/www.airmailcocktail.com\/produit\/peach-tea\/"},"modified":"2024-10-17T12:09:47","modified_gmt":"2024-10-17T10:09:47","slug":"peach-tea","status":"publish","type":"product","link":"https:\/\/www.airmailcocktail.com\/en\/produit\/peach-tea\/","title":{"rendered":"PEACH TEA"},"content":{"rendered":"<p>[et_pb_section fb_built=&#8221;1&#8243; _builder_version=&#8221;4.16&#8243; custom_padding=&#8221;0px||||false|false&#8221; da_disable_devices=&#8221;off|off|off&#8221; global_colors_info=&#8221;{}&#8221; da_is_popup=&#8221;off&#8221; da_exit_intent=&#8221;off&#8221; da_has_close=&#8221;on&#8221; da_alt_close=&#8221;off&#8221; da_dark_close=&#8221;off&#8221; da_not_modal=&#8221;on&#8221; da_is_singular=&#8221;off&#8221; da_with_loader=&#8221;off&#8221; da_has_shadow=&#8221;on&#8221;][et_pb_row _builder_version=&#8221;4.16&#8243; background_size=&#8221;initial&#8221; background_position=&#8221;top_left&#8221; background_repeat=&#8221;repeat&#8221; width=&#8221;100%&#8221; custom_padding=&#8221;0px||0px||false|false&#8221; global_colors_info=&#8221;{}&#8221;][et_pb_column type=&#8221;4_4&#8243; _builder_version=&#8221;4.16&#8243; custom_padding=&#8221;|||&#8221; global_colors_info=&#8221;{}&#8221; custom_padding__hover=&#8221;|||&#8221;][et_pb_wc_breadcrumb _builder_version=&#8221;4.16&#8243; global_colors_info=&#8221;{}&#8221;][\/et_pb_wc_breadcrumb][et_pb_wc_cart_notice _builder_version=&#8221;4.16&#8243; global_colors_info=&#8221;{}&#8221;][\/et_pb_wc_cart_notice][\/et_pb_column][\/et_pb_row][et_pb_row column_structure=&#8221;1_2,1_2&#8243; _builder_version=&#8221;4.16&#8243; background_size=&#8221;initial&#8221; background_position=&#8221;top_left&#8221; background_repeat=&#8221;repeat&#8221; width=&#8221;100%&#8221; custom_padding=&#8221;0px||||false|false&#8221; global_colors_info=&#8221;{}&#8221;][et_pb_column type=&#8221;1_2&#8243; _builder_version=&#8221;4.16&#8243; custom_padding=&#8221;|||&#8221; global_colors_info=&#8221;{}&#8221; custom_padding__hover=&#8221;|||&#8221;][et_pb_wc_images _builder_version=&#8221;4.16&#8243; global_colors_info=&#8221;{}&#8221;][\/et_pb_wc_images][\/et_pb_column][et_pb_column type=&#8221;1_2&#8243; _builder_version=&#8221;4.16&#8243; custom_padding=&#8221;|||&#8221; global_colors_info=&#8221;{}&#8221; custom_padding__hover=&#8221;|||&#8221;][et_pb_wc_title _builder_version=&#8221;4.16&#8243; global_colors_info=&#8221;{}&#8221;][\/et_pb_wc_title][et_pb_wc_rating _builder_version=&#8221;4.16&#8243; global_colors_info=&#8221;{}&#8221;][\/et_pb_wc_rating][et_pb_wc_price _builder_version=&#8221;4.16&#8243; global_colors_info=&#8221;{}&#8221;][\/et_pb_wc_price][et_pb_wc_description _builder_version=&#8221;4.16&#8243; global_colors_info=&#8221;{}&#8221;][\/et_pb_wc_description][et_pb_wc_add_to_cart show_stock=&#8221;off&#8221; _builder_version=&#8221;4.16&#8243; fields_font_size=&#8221;15px&#8221; custom_button=&#8221;on&#8221; button_text_size=&#8221;15px&#8221; global_colors_info=&#8221;{}&#8221;][\/et_pb_wc_add_to_cart][et_pb_wc_meta _builder_version=&#8221;4.16&#8243; global_colors_info=&#8221;{}&#8221;][\/et_pb_wc_meta][\/et_pb_column][\/et_pb_row][et_pb_row column_structure=&#8221;3_5,2_5&#8243; _builder_version=&#8221;4.16&#8243; background_size=&#8221;initial&#8221; background_position=&#8221;top_left&#8221; background_repeat=&#8221;repeat&#8221; width=&#8221;100%&#8221; global_colors_info=&#8221;{}&#8221;][et_pb_column type=&#8221;3_5&#8243; _builder_version=&#8221;4.16&#8243; custom_padding=&#8221;|||&#8221; global_colors_info=&#8221;{}&#8221; custom_padding__hover=&#8221;|||&#8221;][et_pb_wc_tabs _builder_version=&#8221;4.16&#8243; global_colors_info=&#8221;{}&#8221;]\t\t\t\t\t[\/et_pb_wc_tabs][et_pb_wc_upsells _builder_version=&#8221;4.16&#8243; global_colors_info=&#8221;{}&#8221;][\/et_pb_wc_upsells][\/et_pb_column][et_pb_column type=&#8221;2_5&#8243; _builder_version=&#8221;4.16&#8243; custom_padding=&#8221;|||&#8221; global_colors_info=&#8221;{}&#8221; custom_padding__hover=&#8221;|||&#8221;][et_pb_code _builder_version=&#8221;4.16&#8243; _module_preset=&#8221;default&#8221; global_colors_info=&#8221;{}&#8221;]<iframe loading=\"lazy\" src=\"https:\/\/open.spotify.com\/embed\/playlist\/2Mptr65O4S3lpAPTff6w9n\" width=\"300\" height=\"380\" frameborder=\"0\" allowtransparency=\"true\" allow=\"encrypted-media\"><\/iframe>[\/et_pb_code][\/et_pb_column][\/et_pb_row][et_pb_row _builder_version=&#8221;4.16&#8243; background_size=&#8221;initial&#8221; background_position=&#8221;top_left&#8221; background_repeat=&#8221;repeat&#8221; width=&#8221;100%&#8221; global_colors_info=&#8221;{}&#8221;][et_pb_column type=&#8221;4_4&#8243; _builder_version=&#8221;4.16&#8243; custom_padding=&#8221;|||&#8221; global_colors_info=&#8221;{}&#8221; custom_padding__hover=&#8221;|||&#8221;][et_pb_wc_upsells _builder_version=&#8221;4.16&#8243; global_colors_info=&#8221;{}&#8221;][\/et_pb_wc_upsells][et_pb_wc_related_products _builder_version=&#8221;4.16&#8243; global_colors_info=&#8221;{}&#8221;][\/et_pb_wc_related_products][\/et_pb_column][\/et_pb_row][\/et_pb_section]<\/p>\n","protected":false},"excerpt":{"rendered":"<p><strong>12.5% vol.<\/strong><\/p>\n<p><strong>A fresh, light and fruity cocktail that is particularly appreciated as an aperitif on long summer evenings. Finally an iced tea for adults!<\/strong><\/p>\n<p><strong>Cognac<\/strong><strong>Peach green tea<\/strong><strong>Peach syrup<\/strong><strong>Verjuice<\/strong><strong>Notes : Spring\/summer, fruity, sweet, gourmand, refreshing.<\/strong><strong>Created by Germain.<\/strong><strong>Gold medal at San Francisco World Spirits Competition 2022<\/strong><\/p>\n","protected":false},"featured_media":33745,"template":"","meta":{"_acf_changed":false,"_et_pb_use_builder":"on","_et_pb_old_content":"<strong>Ingr\u00e9dients :<\/strong>\r\nTh\u00e9 vert p\u00eache\r\nCognac\r\nVerjus\r\nSirop de p\u00eache\r\n\r\n<strong>Rituel de service :<\/strong>\r\nPour une d\u00e9gustation optimale, placez votre bouteille au frais avant d\u00e9gustation.\r\nServir sur glace dans un joli verre.\r\n\r\n<strong>F\u00fbts :<\/strong>\r\nLes f\u00fbts n\u00e9cessitent une t\u00eate de tirage de type K. N'h\u00e9sitez pas \u00e0 nous contacter si vous avez des questions.\r\n\r\n<strong>Taux d'alcool :<\/strong> 12,5% vol.\r\n\r\nPeut contenir des produits allerg\u00e8nes.\r\n\r\nImage issue d'une mod\u00e9lisation 3D non contractuelle.","_et_gb_content_width":""},"product_brand":[],"product_cat":[86,56],"product_tag":[],"class_list":{"0":"post-32539","1":"product","2":"type-product","3":"status-publish","4":"has-post-thumbnail","6":"product_cat-highlighted","7":"product_cat-signatures","9":"first","10":"instock","11":"taxable","12":"shipping-taxable","13":"purchasable","14":"product-type-variable"},"acf":[],"yoast_head":"<!-- This site is optimized with the Yoast SEO plugin v26.9 - https:\/\/yoast.com\/product\/yoast-seo-wordpress\/ -->\n<title>PEACH TEA - AIRMAIL COCKTAIL<\/title>\n<meta name=\"description\" content=\"PEACH TEA by AIRMAIL COCKTAIL is a refreshing ready-to-drink cognac and peach cocktail with fruity, sweet and gourmet notes.\" \/>\n<meta name=\"robots\" content=\"index, follow, max-snippet:-1, max-image-preview:large, max-video-preview:-1\" \/>\n<link rel=\"canonical\" href=\"https:\/\/www.airmailcocktail.com\/en\/produit\/peach-tea\/\" \/>\n<meta property=\"og:locale\" content=\"en_US\" \/>\n<meta property=\"og:type\" content=\"article\" \/>\n<meta property=\"og:title\" content=\"PEACH TEA - AIRMAIL COCKTAIL\" \/>\n<meta property=\"og:description\" content=\"PEACH TEA by AIRMAIL COCKTAIL is a refreshing ready-to-drink cognac and peach cocktail with fruity, sweet and gourmet notes.\" \/>\n<meta property=\"og:url\" content=\"https:\/\/www.airmailcocktail.com\/en\/produit\/peach-tea\/\" \/>\n<meta property=\"og:site_name\" content=\"AIRMAIL COCKTAIL\" \/>\n<meta property=\"article:publisher\" content=\"https:\/\/www.facebook.com\/konoisseur\/\" \/>\n<meta property=\"article:modified_time\" content=\"2024-10-17T10:09:47+00:00\" \/>\n<meta property=\"og:image\" content=\"https:\/\/www.airmailcocktail.com\/wp-content\/uploads\/2020\/11\/airmail-cocktail-packshot-peach-tea-2024.png\" \/>\n\t<meta property=\"og:image:width\" content=\"725\" \/>\n\t<meta property=\"og:image:height\" content=\"725\" \/>\n\t<meta property=\"og:image:type\" content=\"image\/png\" \/>\n<meta name=\"twitter:card\" content=\"summary_large_image\" \/>\n<meta name=\"twitter:label1\" content=\"Est. reading time\" \/>\n\t<meta name=\"twitter:data1\" content=\"2 minutes\" \/>\n<script type=\"application\/ld+json\" class=\"yoast-schema-graph\">{\"@context\":\"https:\/\/schema.org\",\"@graph\":[{\"@type\":\"WebPage\",\"@id\":\"https:\/\/www.airmailcocktail.com\/en\/produit\/peach-tea\/\",\"url\":\"https:\/\/www.airmailcocktail.com\/en\/produit\/peach-tea\/\",\"name\":\"PEACH TEA - AIRMAIL COCKTAIL\",\"isPartOf\":{\"@id\":\"https:\/\/www.airmailcocktail.com\/en\/#website\"},\"primaryImageOfPage\":{\"@id\":\"https:\/\/www.airmailcocktail.com\/en\/produit\/peach-tea\/#primaryimage\"},\"image\":{\"@id\":\"https:\/\/www.airmailcocktail.com\/en\/produit\/peach-tea\/#primaryimage\"},\"thumbnailUrl\":\"https:\/\/www.airmailcocktail.com\/wp-content\/uploads\/2020\/11\/airmail-cocktail-packshot-peach-tea-2024.png\",\"datePublished\":\"2020-11-12T14:57:32+00:00\",\"dateModified\":\"2024-10-17T10:09:47+00:00\",\"description\":\"PEACH TEA by AIRMAIL COCKTAIL is a refreshing ready-to-drink cognac and peach cocktail with fruity, sweet and gourmet notes.\",\"breadcrumb\":{\"@id\":\"https:\/\/www.airmailcocktail.com\/en\/produit\/peach-tea\/#breadcrumb\"},\"inLanguage\":\"en-US\",\"potentialAction\":[{\"@type\":\"ReadAction\",\"target\":[\"https:\/\/www.airmailcocktail.com\/en\/produit\/peach-tea\/\"]}]},{\"@type\":\"ImageObject\",\"inLanguage\":\"en-US\",\"@id\":\"https:\/\/www.airmailcocktail.com\/en\/produit\/peach-tea\/#primaryimage\",\"url\":\"https:\/\/www.airmailcocktail.com\/wp-content\/uploads\/2020\/11\/airmail-cocktail-packshot-peach-tea-2024.png\",\"contentUrl\":\"https:\/\/www.airmailcocktail.com\/wp-content\/uploads\/2020\/11\/airmail-cocktail-packshot-peach-tea-2024.png\",\"width\":725,\"height\":725,\"caption\":\"airmail cocktail packshot peach tea 2024\"},{\"@type\":\"BreadcrumbList\",\"@id\":\"https:\/\/www.airmailcocktail.com\/en\/produit\/peach-tea\/#breadcrumb\",\"itemListElement\":[{\"@type\":\"ListItem\",\"position\":1,\"name\":\"Accueil\",\"item\":\"https:\/\/www.airmailcocktail.com\/en\/\"},{\"@type\":\"ListItem\",\"position\":2,\"name\":\"SHOP\",\"item\":\"https:\/\/www.airmailcocktail.com\/en\/airmail-cocktail-shop-cocktail\/\"},{\"@type\":\"ListItem\",\"position\":3,\"name\":\"PEACH TEA\"}]},{\"@type\":\"WebSite\",\"@id\":\"https:\/\/www.airmailcocktail.com\/en\/#website\",\"url\":\"https:\/\/www.airmailcocktail.com\/en\/\",\"name\":\"AIRMAIL COCKTAIL\",\"description\":\"COCKTAIL PR\u00caT \u00c0 BOIRE\",\"publisher\":{\"@id\":\"https:\/\/www.airmailcocktail.com\/en\/#organization\"},\"potentialAction\":[{\"@type\":\"SearchAction\",\"target\":{\"@type\":\"EntryPoint\",\"urlTemplate\":\"https:\/\/www.airmailcocktail.com\/en\/?s={search_term_string}\"},\"query-input\":{\"@type\":\"PropertyValueSpecification\",\"valueRequired\":true,\"valueName\":\"search_term_string\"}}],\"inLanguage\":\"en-US\"},{\"@type\":\"Organization\",\"@id\":\"https:\/\/www.airmailcocktail.com\/en\/#organization\",\"name\":\"AIRMAIL COCKTAIL\",\"url\":\"https:\/\/www.airmailcocktail.com\/en\/\",\"logo\":{\"@type\":\"ImageObject\",\"inLanguage\":\"en-US\",\"@id\":\"https:\/\/www.airmailcocktail.com\/en\/#\/schema\/logo\/image\/\",\"url\":\"\",\"contentUrl\":\"\",\"caption\":\"AIRMAIL COCKTAIL\"},\"image\":{\"@id\":\"https:\/\/www.airmailcocktail.com\/en\/#\/schema\/logo\/image\/\"},\"sameAs\":[\"https:\/\/www.facebook.com\/konoisseur\/\",\"https:\/\/www.instagram.com\/airmailcocktail\/\"]}]}<\/script>\n<!-- \/ Yoast SEO plugin. -->","yoast_head_json":{"title":"PEACH TEA - AIRMAIL COCKTAIL","description":"PEACH TEA by AIRMAIL COCKTAIL is a refreshing ready-to-drink cognac and peach cocktail with fruity, sweet and gourmet notes.","robots":{"index":"index","follow":"follow","max-snippet":"max-snippet:-1","max-image-preview":"max-image-preview:large","max-video-preview":"max-video-preview:-1"},"canonical":"https:\/\/www.airmailcocktail.com\/en\/produit\/peach-tea\/","og_locale":"en_US","og_type":"article","og_title":"PEACH TEA - AIRMAIL COCKTAIL","og_description":"PEACH TEA by AIRMAIL COCKTAIL is a refreshing ready-to-drink cognac and peach cocktail with fruity, sweet and gourmet notes.","og_url":"https:\/\/www.airmailcocktail.com\/en\/produit\/peach-tea\/","og_site_name":"AIRMAIL COCKTAIL","article_publisher":"https:\/\/www.facebook.com\/konoisseur\/","article_modified_time":"2024-10-17T10:09:47+00:00","og_image":[{"width":725,"height":725,"url":"https:\/\/www.airmailcocktail.com\/wp-content\/uploads\/2020\/11\/airmail-cocktail-packshot-peach-tea-2024.png","type":"image\/png"}],"twitter_card":"summary_large_image","twitter_misc":{"Est. reading time":"2 minutes"},"schema":{"@context":"https:\/\/schema.org","@graph":[{"@type":"WebPage","@id":"https:\/\/www.airmailcocktail.com\/en\/produit\/peach-tea\/","url":"https:\/\/www.airmailcocktail.com\/en\/produit\/peach-tea\/","name":"PEACH TEA - AIRMAIL COCKTAIL","isPartOf":{"@id":"https:\/\/www.airmailcocktail.com\/en\/#website"},"primaryImageOfPage":{"@id":"https:\/\/www.airmailcocktail.com\/en\/produit\/peach-tea\/#primaryimage"},"image":{"@id":"https:\/\/www.airmailcocktail.com\/en\/produit\/peach-tea\/#primaryimage"},"thumbnailUrl":"https:\/\/www.airmailcocktail.com\/wp-content\/uploads\/2020\/11\/airmail-cocktail-packshot-peach-tea-2024.png","datePublished":"2020-11-12T14:57:32+00:00","dateModified":"2024-10-17T10:09:47+00:00","description":"PEACH TEA by AIRMAIL COCKTAIL is a refreshing ready-to-drink cognac and peach cocktail with fruity, sweet and gourmet notes.","breadcrumb":{"@id":"https:\/\/www.airmailcocktail.com\/en\/produit\/peach-tea\/#breadcrumb"},"inLanguage":"en-US","potentialAction":[{"@type":"ReadAction","target":["https:\/\/www.airmailcocktail.com\/en\/produit\/peach-tea\/"]}]},{"@type":"ImageObject","inLanguage":"en-US","@id":"https:\/\/www.airmailcocktail.com\/en\/produit\/peach-tea\/#primaryimage","url":"https:\/\/www.airmailcocktail.com\/wp-content\/uploads\/2020\/11\/airmail-cocktail-packshot-peach-tea-2024.png","contentUrl":"https:\/\/www.airmailcocktail.com\/wp-content\/uploads\/2020\/11\/airmail-cocktail-packshot-peach-tea-2024.png","width":725,"height":725,"caption":"airmail cocktail packshot peach tea 2024"},{"@type":"BreadcrumbList","@id":"https:\/\/www.airmailcocktail.com\/en\/produit\/peach-tea\/#breadcrumb","itemListElement":[{"@type":"ListItem","position":1,"name":"Accueil","item":"https:\/\/www.airmailcocktail.com\/en\/"},{"@type":"ListItem","position":2,"name":"SHOP","item":"https:\/\/www.airmailcocktail.com\/en\/airmail-cocktail-shop-cocktail\/"},{"@type":"ListItem","position":3,"name":"PEACH TEA"}]},{"@type":"WebSite","@id":"https:\/\/www.airmailcocktail.com\/en\/#website","url":"https:\/\/www.airmailcocktail.com\/en\/","name":"AIRMAIL COCKTAIL","description":"COCKTAIL PR\u00caT \u00c0 BOIRE","publisher":{"@id":"https:\/\/www.airmailcocktail.com\/en\/#organization"},"potentialAction":[{"@type":"SearchAction","target":{"@type":"EntryPoint","urlTemplate":"https:\/\/www.airmailcocktail.com\/en\/?s={search_term_string}"},"query-input":{"@type":"PropertyValueSpecification","valueRequired":true,"valueName":"search_term_string"}}],"inLanguage":"en-US"},{"@type":"Organization","@id":"https:\/\/www.airmailcocktail.com\/en\/#organization","name":"AIRMAIL COCKTAIL","url":"https:\/\/www.airmailcocktail.com\/en\/","logo":{"@type":"ImageObject","inLanguage":"en-US","@id":"https:\/\/www.airmailcocktail.com\/en\/#\/schema\/logo\/image\/","url":"","contentUrl":"","caption":"AIRMAIL COCKTAIL"},"image":{"@id":"https:\/\/www.airmailcocktail.com\/en\/#\/schema\/logo\/image\/"},"sameAs":["https:\/\/www.facebook.com\/konoisseur\/","https:\/\/www.instagram.com\/airmailcocktail\/"]}]}},"jetpack_sharing_enabled":true,"_links":{"self":[{"href":"https:\/\/www.airmailcocktail.com\/en\/wp-json\/wp\/v2\/product\/32539","targetHints":{"allow":["GET"]}}],"collection":[{"href":"https:\/\/www.airmailcocktail.com\/en\/wp-json\/wp\/v2\/product"}],"about":[{"href":"https:\/\/www.airmailcocktail.com\/en\/wp-json\/wp\/v2\/types\/product"}],"wp:featuredmedia":[{"embeddable":true,"href":"https:\/\/www.airmailcocktail.com\/en\/wp-json\/wp\/v2\/media\/33745"}],"wp:attachment":[{"href":"https:\/\/www.airmailcocktail.com\/en\/wp-json\/wp\/v2\/media?parent=32539"}],"wp:term":[{"taxonomy":"product_brand","embeddable":true,"href":"https:\/\/www.airmailcocktail.com\/en\/wp-json\/wp\/v2\/product_brand?post=32539"},{"taxonomy":"product_cat","embeddable":true,"href":"https:\/\/www.airmailcocktail.com\/en\/wp-json\/wp\/v2\/product_cat?post=32539"},{"taxonomy":"product_tag","embeddable":true,"href":"https:\/\/www.airmailcocktail.com\/en\/wp-json\/wp\/v2\/product_tag?post=32539"}],"curies":[{"name":"wp","href":"https:\/\/api.w.org\/{rel}","templated":true}]}}